{"id":8323,"date":"2025-02-26T11:29:05","date_gmt":"2025-02-26T10:29:05","guid":{"rendered":"https:\/\/bjoern-babbe.de\/?page_id=8323"},"modified":"2026-04-15T11:03:58","modified_gmt":"2026-04-15T09:03:58","slug":"leitbild","status":"publish","type":"page","link":"https:\/\/bjoern-babbe.de\/?page_id=8323","title":{"rendered":"Leitbild"},"content":{"rendered":"\r\n<p><strong>Leitbild der kundenorientierten BBC \u2013 Bj\u00f6rn Babbe Consulting<\/strong><\/p>\r\n<p><strong>\r\n\r\n<\/strong><\/p>\r\n<p><strong>Wir bringen geeignete Bewerber und passende Unternehmen zusammen. Dabei&#8230;<\/strong><\/p>\r\n<p>\u2022 &#8230;sehen wir uns gegen\u00fcber Nachfragenden zu den Prinzipien der Wahrheit, Klarheit und Vertraulichkeit verpflichtet.<\/p>\r\n<p>\u2022 &#8230;ist unser Betriebsklima von Respekt und Kollegialit\u00e4t, von Fairness und Kooperationsbereitschaft gekennzeichnet.<\/p>\r\n<p>\u2022 &#8230;wahren und f\u00f6rdern wir durch unser Auftreten und unsere Arbeitsweisen das Ansehen unseres Berufsstandes<\/p>\r\n<p><br \/><strong>Unsere Qualit\u00e4tsgrunds\u00e4tze<\/strong><\/p>\r\n<p>\u2022 Durch die Zusammenarbeit mit unseren Partnern optimieren wir st\u00e4ndig unsere Dienstleistungen, sodass wir die an uns gestellten Anforderungen jederzeit erf\u00fcllen. F\u00fcr den Kunden muss ein klarer Mehrwert erkennbar sein. Mit unseren Dienstleistungen steigern wir die Effizienz und Wettbewerbsf\u00e4higkeit unserer Kunden.<\/p>\r\n<p>\u2022 Jeder Bewerber erh\u00e4lt eine bedarfsgerechte Beratung.<\/p>\r\n<p>\u2022 Unser Qualit\u00e4tsmanagement fu\u00dft ma\u00dfgeblich auf einer kontinuierlichen Verbesserung. Dies gilt f\u00fcr die Dienstleistung direkt mit dem Kunden aber auch f\u00fcr unterst\u00fctzenden T\u00e4tigkeiten im Hintergrund.<\/p>\r\n<p>\u2022 Qualit\u00e4tsbewusstes Denken und Handeln unterst\u00fctzt durch klare Aufgabenstellungen Voraussetzung f\u00fcr eine st\u00e4ndige Verbesserung.<\/p>\r\n\r\n\r\n\r\n<figure class=\"wp-block-image size-full\"><img loading=\"lazy\" decoding=\"async\" width=\"748\" height=\"340\" class=\"wp-image-8324\" src=\"https:\/\/bjoern-babbe.de\/wp-content\/uploads\/2025\/02\/image.png\" alt=\"\" srcset=\"https:\/\/bjoern-babbe.de\/wp-content\/uploads\/2025\/02\/image.png 748w, https:\/\/bjoern-babbe.de\/wp-content\/uploads\/2025\/02\/image-300x136.png 300w, https:\/\/bjoern-babbe.de\/wp-content\/uploads\/2025\/02\/image-705x320.png 705w\" sizes=\"auto, (max-width: 748px) 100vw, 748px\" \/><\/figure>\r\n","protected":false},"excerpt":{"rendered":"<p>Leitbild der kundenorientierten BBC \u2013 Bj\u00f6rn Babbe Consulting Wir bringen geeignete Bewerber und passende Unternehmen zusammen. Dabei&#8230; \u2022 &#8230;sehen wir uns gegen\u00fcber Nachfragenden zu den Prinzipien der Wahrheit, Klarheit und Vertraulichkeit verpflichtet. \u2022 &#8230;ist unser Betriebsklima von Respekt und Kollegialit\u00e4t, von Fairness und Kooperationsbereitschaft gekennzeichnet. \u2022 &#8230;wahren und f\u00f6rdern wir durch unser Auftreten und unsere [&hellip;]<\/p>\n","protected":false},"author":2,"featured_media":0,"parent":0,"menu_order":0,"comment_status":"closed","ping_status":"closed","template":"","meta":{"footnotes":""},"class_list":["post-8323","page","type-page","status-publish","hentry"],"_links":{"self":[{"href":"https:\/\/bjoern-babbe.de\/index.php?rest_route=\/wp\/v2\/pages\/8323","targetHints":{"allow":["GET"]}}],"collection":[{"href":"https:\/\/bjoern-babbe.de\/index.php?rest_route=\/wp\/v2\/pages"}],"about":[{"href":"https:\/\/bjoern-babbe.de\/index.php?rest_route=\/wp\/v2\/types\/page"}],"author":[{"embeddable":true,"href":"https:\/\/bjoern-babbe.de\/index.php?rest_route=\/wp\/v2\/users\/2"}],"replies":[{"embeddable":true,"href":"https:\/\/bjoern-babbe.de\/index.php?rest_route=%2Fwp%2Fv2%2Fcomments&post=8323"}],"version-history":[{"count":3,"href":"https:\/\/bjoern-babbe.de\/index.php?rest_route=\/wp\/v2\/pages\/8323\/revisions"}],"predecessor-version":[{"id":8405,"href":"https:\/\/bjoern-babbe.de\/index.php?rest_route=\/wp\/v2\/pages\/8323\/revisions\/8405"}],"wp:attachment":[{"href":"https:\/\/bjoern-babbe.de\/index.php?rest_route=%2Fwp%2Fv2%2Fmedia&parent=8323"}],"curies":[{"name":"wp","href":"https:\/\/api.w.org\/{rel}","templated":true}]}}