{"id":8314,"date":"2025-02-26T11:15:23","date_gmt":"2025-02-26T10:15:23","guid":{"rendered":"https:\/\/bjoern-babbe.de\/?page_id=8314"},"modified":"2025-06-06T10:37:00","modified_gmt":"2025-06-06T08:37:00","slug":"impressum-2","status":"publish","type":"page","link":"https:\/\/bjoern-babbe.de\/?page_id=8314","title":{"rendered":"AGB"},"content":{"rendered":"\n<h2 class=\"wp-block-heading\">Allgemeine Gesch\u00e4ftsbedingungen (AGB)<\/h2>\n\n\n\n<p>BBC \u2013 Bj\u00f6rn Babbe Consulting, Engler Stra\u00dfe 12, 49143 Bissendorf, Mail: bb@bjoern-babbe.de<\/p>\n\n\n\n<p><strong>1. G\u00fcltigkeit<\/strong><\/p>\n\n\n\n<p>Die T\u00e4tigkeit der BBC ist die Vermittlung von Arbeitskr\u00e4ften. Die nachfolgenden Gesch\u00e4ftsbedingungen (AGB) haben G\u00fcltigkeit f\u00fcr alle Vertr\u00e4ge und Leistungen zwischen der BBC als Auftragnehmer und dem Auftraggeber. Bei jedem Vertrag oder jeder Vermittlungst\u00e4tigkeit mit der BBC werden die AGB der BBC anerkannt. Selbst, wenn bei einem einzelnen Gesch\u00e4ft nicht darauf verwiesen wird, haben die AGB im Rahmen einer Gesch\u00e4ftsbeziehung G\u00fcltigkeit. Abweichende Absprachen sind nur g\u00fcltig, wenn sie mit der BBC schriftlich vereinbart wurden. Soweit in den Regelungen dieser AGB die m\u00e4nnliche Form verwendet wird, geschieht das lediglich zur sprachlichen Vereinfachung. Die Regelungen gelten gleicherma\u00dfen auch f\u00fcr weibliche und diverse Beteiligte und f\u00fcr juristische Personen.<\/p>\n\n\n\n<p><strong>2. Dienstleistung \/ Verg\u00fctung \u00fcber Aktivierungs- und Vermittlungsgutschein (AVGS) mit Bewerbern (Arbeitssuchenden)<\/strong><\/p>\n\n\n\n<p>Durch die Weitergabe, des im Original g\u00fcltigen AVGS der zust\u00e4ndigen Agentur f\u00fcr Arbeit von dem Arbeitsuchenden an die BBC, ist die Verg\u00fctung in voller H\u00f6he gedeckt. Bedingungen, F\u00e4lligkeit und Konditionen sind in dem Vermittlungsvertrag mit AVGS geregelt.<\/p>\n\n\n\n<p><strong>3. Dienstleistung \/ Verg\u00fctung bei Vermittlungsvertrag als Selbstzahler<\/strong><\/p>\n\n\n\n<p>Der Verg\u00fctungsanspruch bei Vermittlungsvertr\u00e4gen mit Bewerbern (Arbeitssuchenden) als Selbstzahler richtet sich nach dem Gehalt der neuen Arbeitsstelle und ist nur bei erfolgreicher Vermittlung zu zahlen. Der Honorarbetrag ist steuerlich absetzbar und kann bei nach schriftlicher Absprache in max. 3 Raten ohne weitere Aufforderung beglichen werden. Bedingungen, F\u00e4lligkeiten und Konditionen sind in dem Vermittlungsvertrag geregelt.<\/p>\n\n\n\n<p><strong>4. Dienstleistung \/ Verg\u00fctung \u00fcber Vermittlungsvertrag mit Kosten\u00fcbernahme<\/strong><\/p>\n\n\n\n<p>Bei Vermittlungsvertr\u00e4gen mit Kosten\u00fcbernahme der Arbeitgeber ist das Honorar mit Zahlung der Personalvermittlungsprovision des neuen Arbeitgebers an die BBC abgegolten.<\/p>\n\n\n\n<p><strong>5. Personalvermittlungsvertrag mit Unternehmen (Arbeitgebern)<\/strong><\/p>\n\n\n\n<p>Die BBC bietet Unternehmen (Arbeitgebern) Personalvermittlungsvertr\u00e4ge zur Rekrutierung jeglicher Berufsgruppen an. T\u00e4tigkeit, F\u00e4lligkeit und Konditionen ergeben sich aus dem entsprechenden Personalvermittlungsvertrag. Die Honorarh\u00f6he richtet sich nach Qualifikation, Kenntnissen und Erfahrungen des zu vermittelnden Bewerbers (Arbeitssuchenden). Das vereinbarte Honorar ist nur nach erfolgreicher Vermittlung zur Zahlung f\u00e4llig.<\/p>\n\n\n\n<p><strong>6. Vertragsabschluss \/ Vertragsdauer \/ K\u00fcndigung<\/strong><\/p>\n\n\n\n<p>Der Vertragsabschluss und die damit verbundene Vertragsunterzeichnung bei Vermittlungsvertr\u00e4gen mit Bewerbern (Arbeitssuchenden) erfolgt in der Regel \u00fcber den elektronischen Weg. Der Bewerber ist berechtigt, diesen Vertrag auszudrucken und h\u00e4ndisch zu unterschreiben. Die R\u00fccksendung per Scan, Briefpost, Fax oder die pers\u00f6nliche Abgabe ist zul\u00e4ssig. Vertragsdauer, K\u00fcndigungsmodalit\u00e4ten und -fristen sind in den jeweiligen Vertr\u00e4gen geregelt. Unbefristete Vermittlungsvertr\u00e4ge mit Bewerbern (Arbeitssuchenden) oder Unternehmen (Arbeitgebern) enden durch eine erfolgreiche Vermittlung oder K\u00fcndigung durch eine der Vertragsparteien.<\/p>\n\n\n\n<p><strong>7. Haftung<\/strong><\/p>\n\n\n\n<p>Die BBC \u00fcbernimmt keine Erfolgsgarantie f\u00fcr die erfolgreiche Vermittlung eines Arbeitsverh\u00e4ltnisses und lehnt die Haftung f\u00fcr finanzielle oder k\u00f6rperliche Sch\u00e4den, die mit der Dienstleistung in Zusammenhang gebracht werden k\u00f6nnen, ab. Ebenso haftet BBC nicht f\u00fcr unkorrekte Angaben in den Vertragsunterlagen, sowie die Pr\u00fcfung der Richtigkeit dieser. F\u00fcr den eventuellen Missbrauch der Informationen, die zum Zwecke der Bewerbung an Dritte weitergegeben wurden, lehnen wir ebenfalls jede Haftung ab. Dies gilt sowohl f\u00fcr den Arbeitsuchenden als auch f\u00fcr das Unternehmen (Arbeitgeber).<\/p>\n\n\n\n<p><strong>8. Zahlungsbedingung<\/strong><\/p>\n\n\n\n<p>Ausgenommen anders vereinbarter Vertragsbedingungen sind alle Rechnungen sofort nach Erhalt sp\u00e4testens 14 Tage nach Erstellung ohne Abzug f\u00e4llig und auf das Konto der BBC zu \u00fcberweisen. Die gesetzliche Mehrwertsteuer wird auf der Rechnung gesondert ausgewiesen.<\/p>\n\n\n\n<p>Die BBC ist berechtigt, die Rechnung als elektronische Rechnung (z.B. als PDF-Dokument) per E-Mail an den Auftraggeber zu senden. Rechnung in Papierform werden nur im eigenen Ermessen der BBC oder auf gesonderte Kundenanforderung an den Rechnungsempf\u00e4nger \u00fcbersendet.<\/p>\n\n\n\n<p>Ger\u00e4t der Auftraggeber mit der Zahlung in Verzug, so ist die BBC berechtigt, Mahn- und Bearbeitungsgeb\u00fchren sowie Verzugszinsen in gesetzlich vorgeschriebener H\u00f6he geltend zu machen. Das Recht, weitergehende Schadenersatzanspr\u00fcche geltend zu machen, bleibt hiervon unber\u00fchrt.<\/p>\n\n\n\n<p><strong>9. Datenschutz<\/strong><\/p>\n\n\n\n<p>Die BBC ist berechtigt, Informationen, Unterlagen und Daten die sie vom Vertragspartner zur Vermittlung erhalten hat, ausschlie\u00dflich zu diesem Zweck gem. \u00a7 298 SGB III Abs. 1 elektronisch zu speichern und an Dritte weiterzugeben. Eine R\u00fcckgabe eingereichter Unterlagen ist nur bei Zusendung eines frankierten R\u00fcckumschlages oder durch pers\u00f6nliche Abholung m\u00f6glich. Nach dem Bundesdatenschutzgesetz haben Sie ein Recht auf unentgeltliche Auskunft \u00fcber Ihre gespeicherten Daten, sowie ein Recht auf Berichtigung, Sperrung oder L\u00f6schung dieser Daten.<\/p>\n\n\n\n<p>Alle Dritten zur Verf\u00fcgung gestellten Informationen, Unterlagen und Daten, bleiben im Eigentum der BBC zur Gew\u00e4hrleistung der Dokumentation und Einhaltung der vorgeschriebenen Aufbewahrungsfristen. Diese Unterlagen und die darin enthaltenen Angaben sind streng vertraulich und m\u00fcssen bei einem nicht zustande gekommenen Arbeitsverh\u00e4ltnis unverz\u00fcglich zur\u00fcckgegeben oder vernichtet werden. Eine Weitergabe dieser Daten an Dritte sowie eine Vervielf\u00e4ltigung ist unzul\u00e4ssig. Einzelheiten sind der Datenschutzerkl\u00e4rung unter <a href=\"http:\/\/www.bjoern-babbe.de\">www.bjoern-babbe.de<\/a> zu entnehmen.<\/p>\n\n\n\n<p><strong>10. Gerichtsstand<\/strong><\/p>\n\n\n\n<p>Gerichtsstand und Erf\u00fcllungsort ist, soweit das Gesetz nichts anders vorsieht, der Gesch\u00e4ftssitz der BBC. Auf alle Streitigkeiten, die sich m\u00f6glicherweise aus diesem rechtlichen Verh\u00e4ltnis ergeben, ist deutsches Recht anzuwenden. Die Bestimmungen des UN-Kaufrechts finden keine Anwendung.<\/p>\n\n\n\n<p><strong>11.&nbsp; Widerrufsbelehrung<\/strong><\/p>\n\n\n\n<p>Sie haben das Recht, binnen vierzehn Tagen nach Vertragsschluss, ohne Angabe von Gr\u00fcnden, den Vermittlungsvertrag zu widerrufen.<\/p>\n\n\n\n<p>Um Ihr Widerrufsrecht auszu\u00fcben, m\u00fcssen Sie uns: BBC \u2013 Bj\u00f6rn Babbe Consulting, Engler Stra\u00dfe 12, 49143 Bissendorf, Germany, Mail: bb@bjoern-babbe.de mittels einer eindeutigen Erkl\u00e4rung (z.B. ein mit der Post versandter Brief oder E-Mail) \u00fcber Ihren Entschluss, diesen Vertrag zu widerrufen, informieren.<\/p>\n\n\n\n<p><strong>Sie k\u00f6nnen daf\u00fcr den folgenden Muster-Widerrufstext verwenden, der jedoch nicht vorgeschrieben ist.<\/strong><\/p>\n\n\n\n<p>\u201eSehr geehrte Damen und Herren, am * ______________ (Datum) habe ich bei Ihnen \u00fcber das Internet einen Dienstleistungsvertrag in Form eines Vermittlungsvertrages abgeschlossen. Da es sich um einen Fernabsatzvertrag handelt, mache ich nun von meinem Widerrufsrecht Gebrauch und widerrufe hiermit meine Willenserkl\u00e4rung die Frist wahrend, also innerhalb von 14 Tagen nach Vertragsschluss.\u201c<\/p>\n\n\n\n<p>Zur Wahrung der Widerrufsfrist reicht es aus, dass Sie diese Mitteilung \u00fcber die Aus\u00fcbung des Widerrufsrechts vor Ablauf der Widerrufsfrist absenden.<\/p>\n\n\n\n<p><strong>Folgen des Widerrufs<\/strong><\/p>\n\n\n\n<p>Wenn Sie diesen Vertrag widerrufen, haben wir Ihnen alle Zahlungen, die wir von Ihnen erhalten haben, unverz\u00fcglich und sp\u00e4testens binnen vierzehn Tagen ab dem Tag zur\u00fcckzuzahlen, an dem die Mitteilung \u00fcber Ihren Widerruf dieses Vertrags bei uns eingegangen ist.<\/p>\n\n\n\n<p>F\u00fcr diese R\u00fcckzahlung verwenden wir dasselbe Zahlungsmittel, das Sie bei der urspr\u00fcnglichen Transaktion eingesetzt haben, es sei denn, mit Ihnen wurde ausdr\u00fccklich etwas anderes vereinbart; in keinem Fall werden Ihnen wegen dieser R\u00fcckzahlung Entgelte berechnet.<\/p>\n\n\n\n<p><\/p>\n","protected":false},"excerpt":{"rendered":"<p>Allgemeine Gesch\u00e4ftsbedingungen (AGB) BBC \u2013 Bj\u00f6rn Babbe Consulting, Engler Stra\u00dfe 12, 49143 Bissendorf, Mail: bb@bjoern-babbe.de 1. G\u00fcltigkeit Die T\u00e4tigkeit der BBC ist die Vermittlung von Arbeitskr\u00e4ften. Die nachfolgenden Gesch\u00e4ftsbedingungen (AGB) haben G\u00fcltigkeit f\u00fcr alle Vertr\u00e4ge und Leistungen zwischen der BBC als Auftragnehmer und dem Auftraggeber. Bei jedem Vertrag oder jeder Vermittlungst\u00e4tigkeit mit der BBC werden [&hellip;]<\/p>\n","protected":false},"author":2,"featured_media":0,"parent":0,"menu_order":0,"comment_status":"closed","ping_status":"closed","template":"","meta":{"footnotes":""},"class_list":["post-8314","page","type-page","status-publish","hentry"],"_links":{"self":[{"href":"https:\/\/bjoern-babbe.de\/index.php?rest_route=\/wp\/v2\/pages\/8314","targetHints":{"allow":["GET"]}}],"collection":[{"href":"https:\/\/bjoern-babbe.de\/index.php?rest_route=\/wp\/v2\/pages"}],"about":[{"href":"https:\/\/bjoern-babbe.de\/index.php?rest_route=\/wp\/v2\/types\/page"}],"author":[{"embeddable":true,"href":"https:\/\/bjoern-babbe.de\/index.php?rest_route=\/wp\/v2\/users\/2"}],"replies":[{"embeddable":true,"href":"https:\/\/bjoern-babbe.de\/index.php?rest_route=%2Fwp%2Fv2%2Fcomments&post=8314"}],"version-history":[{"count":5,"href":"https:\/\/bjoern-babbe.de\/index.php?rest_route=\/wp\/v2\/pages\/8314\/revisions"}],"predecessor-version":[{"id":8346,"href":"https:\/\/bjoern-babbe.de\/index.php?rest_route=\/wp\/v2\/pages\/8314\/revisions\/8346"}],"wp:attachment":[{"href":"https:\/\/bjoern-babbe.de\/index.php?rest_route=%2Fwp%2Fv2%2Fmedia&parent=8314"}],"curies":[{"name":"wp","href":"https:\/\/api.w.org\/{rel}","templated":true}]}}